{"id":3343,"date":"2022-12-27T15:48:36","date_gmt":"2022-12-27T14:48:36","guid":{"rendered":"https:\/\/dewaardevolleclub.nl\/?page_id=3343"},"modified":"2023-01-07T15:32:32","modified_gmt":"2023-01-07T14:32:32","slug":"de-eerste-klimaatneutrale-wedstrijd-in-het-nederlands-betaald-voetbal","status":"publish","type":"page","link":"https:\/\/dewaardevolleclub.nl\/?page_id=3343","title":{"rendered":"De eerste klimaatneutrale wedstrijd in het Nederlands betaald voetbal"},"content":{"rendered":"\n<figure class=\"wp-block-image alignfull size-large\"><img loading=\"lazy\" decoding=\"async\" width=\"1024\" height=\"566\" src=\"https:\/\/dewaardevolleclub.nl\/wp-content\/uploads\/2023\/01\/Schermafbeelding-2023-01-07-om-11.27.13-1024x566.png\" alt=\"\" class=\"wp-image-3774\" srcset=\"https:\/\/dewaardevolleclub.nl\/wp-content\/uploads\/2023\/01\/Schermafbeelding-2023-01-07-om-11.27.13-1024x566.png 1024w, https:\/\/dewaardevolleclub.nl\/wp-content\/uploads\/2023\/01\/Schermafbeelding-2023-01-07-om-11.27.13-300x166.png 300w, https:\/\/dewaardevolleclub.nl\/wp-content\/uploads\/2023\/01\/Schermafbeelding-2023-01-07-om-11.27.13-768x424.png 768w, https:\/\/dewaardevolleclub.nl\/wp-content\/uploads\/2023\/01\/Schermafbeelding-2023-01-07-om-11.27.13-1536x849.png 1536w, https:\/\/dewaardevolleclub.nl\/wp-content\/uploads\/2023\/01\/Schermafbeelding-2023-01-07-om-11.27.13-2048x1131.png 2048w\" sizes=\"auto, (max-width: 1024px) 100vw, 1024px\" \/><\/figure>\n\n\n\n<p>De eerste klimaatneutrale wedstrijd is ontstaan door een filmpje te delen binnen Energiek Dordt van een\u00a0<a href=\"https:\/\/www.youtube.com\/watch?v=9rscFZJN1AE\">circulair festival van DGTL<\/a> tijdens een kwartaalbijeenkomst van Smart Delta Drechtsteden. De volgende dag nam <a href=\"https:\/\/www.linkedin.com\/in\/joostleemans\/\" data-type=\"URL\" data-id=\"https:\/\/www.linkedin.com\/in\/joostleemans\/\">Joost Leemans (Teamcaptain Energietransitie en Circulair | Programma- en opgavemanager | Gemeente Dordrecht)<\/a> contact op om over dit idee te praten. Zij brachten een specialistische organisatie aan tafel,\u00a0<a href=\"https:\/\/www.bureau2030.nl\">Bureau 2030\u00a0<\/a>Duurzaamheidsversnellers. Zij investeren in het traject waardoor we professioneel worden begeleid. Inmiddels zijn we met zo&#8217;n 50 koplopers zie Dreamteam. <\/p>\n\n\n\n<p><\/p>\n\n\n\n<h4 class=\"wp-block-heading\">Collectieve challenge: Intensiveert verbinding, samenwerking en versnelt daardoor duurzaamheidsdoelen.<\/h4>\n\n\n\n<p>Het is een collectieve challenge van de club, overheid, onderwijs, bedrijven en maatschappelijke organisaties die de samenwerking, innovatiekracht van het waardenetwerk (nog meer) intensiveert om in dit geval duurzaamheidsdoelen versnelt te realiseren. Voor de club, stad en de regio.<\/p>\n\n\n\n<blockquote class=\"wp-block-quote is-layout-flow wp-block-quote-is-layout-flow\">\n<p><strong>Het is een mooi voorbeeld van hoe Energiek Dordt als missiegedreven samenwerking werkt en voorwaarden cre\u00ebert om samen nieuwe idee\u00ebn, initiatieven, diensten, producten. partners en nieuwe verdienmodellen te cre\u00ebren.&nbsp;<\/strong><\/p>\n\n\n\n<p class=\"has-vivid-red-color has-text-color\"><strong>Sociale innovatie oftewel de verbindende kracht van een Betaald Voetbal Club.<\/strong><\/p>\n<\/blockquote>\n\n\n\n<h4 class=\"wp-block-heading has-white-color has-vivid-red-background-color has-text-color has-background\">Een paar (van de vele) voorbeelden van nieuwe idee\u00ebn, initiatieven, diensten, producten, partners en nieuwe verdienmodellen die al zijn ontstaan door deze collectieve challenge vanuit Energiek Dordt:<\/h4>\n\n\n\n<h4 class=\"wp-block-heading\">Binnen 2 weken na lancering was de klimaatneutrale wedstrijd uitverkocht.<\/h4>\n\n\n\n<p>Partners Energiek Dordt zorgen binnen 2 weken voor een uitverkocht Matchoholic stadion op 19 mei 2023.<\/p>\n\n\n\n<p>Amega Groep \u2013 Ames \u2013 AA Lease, TopGrass, Mourik, YasBouw en de supportersvereniging hebben ervoor gezorgd dat binnen twee weken na de lancering van de eerste klimaatneutrale wedstrijd in het Nederlands Betaald Voetbal het Matchoholic Stadion op 19 mei al volledig is uitverkocht. Lees <a href=\"https:\/\/fcdordrecht.nl\/2022\/08\/26\/eerste-klimaatneutrale-wedstrijd-in-het-nederlands-betaald-voetbal-is-nu-al-uitverkocht\/\" data-type=\"URL\" data-id=\"https:\/\/fcdordrecht.nl\/2022\/08\/26\/eerste-klimaatneutrale-wedstrijd-in-het-nederlands-betaald-voetbal-is-nu-al-uitverkocht\/\">HIER<\/a> het volledige bericht.<\/p>\n\n\n\n<p><\/p>\n\n\n\n<h4 class=\"wp-block-heading\">Meerdere marketing en communicatie afdelingen zorgen voor berichtgeving en groot bereik.<\/h4>\n\n\n\n<p>Bekijk hier een aantal berichten: <a href=\"https:\/\/www.ames.nl\/contact-info\/overzicht-blogs\/klimaatneutrale-wedstrijd-fc-dordrecht\/\" data-type=\"URL\" data-id=\"https:\/\/www.ames.nl\/contact-info\/overzicht-blogs\/klimaatneutrale-wedstrijd-fc-dordrecht\/\">AMES<\/a>, <a href=\"https:\/\/www.aalease.nl\/nieuws\/aa-lease-steunt-eerst-klimaatneutrale-wedstrijd-in-nederland\/\" data-type=\"URL\" data-id=\"https:\/\/www.aalease.nl\/nieuws\/aa-lease-steunt-eerst-klimaatneutrale-wedstrijd-in-nederland\/\">bericht AA Lease<\/a>, <a href=\"https:\/\/www.amega.nl\/nieuws\/\" data-type=\"URL\" data-id=\"https:\/\/www.amega.nl\/nieuws\/\">AMEGA Groep<\/a>,  <a href=\"https:\/\/keukenkampioendivisie.nl\/eerste-klimaatneutrale-wedstrijd-in-het-nederlands-betaald-voetbal\/\" data-type=\"URL\" data-id=\"https:\/\/keukenkampioendivisie.nl\/eerste-klimaatneutrale-wedstrijd-in-het-nederlands-betaald-voetbal\/\">Keuken Kampioen Divisie<\/a>, <a href=\"https:\/\/www.mourik.com\/nieuws\/763\/mourik-duurzaamheid-gamechanger-2022-een-duurzaam-succes.html\" type=\"URL\" id=\"https:\/\/www.mourik.com\/nieuws\/763\/mourik-duurzaamheid-gamechanger-2022-een-duurzaam-succes.html\" class=\"broken_link\">Mourik<\/a>, <a href=\"https:\/\/www.ad.nl\/regiosport-dordrecht\/eerste-klimaatneutrale-duel-al-uitverkocht-samen-gaan-we-de-uitdaging-aan~a7678025\/\" type=\"URL\" id=\"https:\/\/www.ad.nl\/regiosport-dordrecht\/eerste-klimaatneutrale-duel-al-uitverkocht-samen-gaan-we-de-uitdaging-aan~a7678025\/\" class=\"broken_link\">Algemeen Dagblad<\/a>, <a href=\"https:\/\/www.rijnmond.nl\/nieuws\/1542302\/fc-dordrecht-speelt-eerste-klimaatneutrale-wedstrijd-in-uitverkocht-stadion\" data-type=\"URL\" data-id=\"https:\/\/www.rijnmond.nl\/nieuws\/1542302\/fc-dordrecht-speelt-eerste-klimaatneutrale-wedstrijd-in-uitverkocht-stadion\">Rijnmond<\/a>, <a href=\"https:\/\/www.rtvdordrecht.nl\/nieuws\/sport\/fc-dordrecht-speelt-eerste-klimaatneutrale-wedstrijd-in-uitverkocht-stadion\" type=\"URL\" id=\"https:\/\/www.rtvdordrecht.nl\/nieuws\/sport\/fc-dordrecht-speelt-eerste-klimaatneutrale-wedstrijd-in-uitverkocht-stadion\" class=\"broken_link\">RTV Dordrecht<\/a>.<\/p>\n\n\n\n<p><\/p>\n\n\n\n<h4 class=\"wp-block-heading\">Het \u2018Dreamteam\u2019: Een grote groep friskijkers en dwarsdenkers verenigen zich.<\/h4>\n\n\n\n<p>Inmiddels is er al een \u2018Dreamteam\u2019 ontstaan van zo\u2019n 35 mensen van gemeenten, onderwijs, bedrijfsleven, maatschappelijke organisaties en de club (algemeen directeur, supportersvereniging, hoofdopleiding, aanvoerder 1e elftal, creatief commercieel manager) die samen richting geven aan het realiseren van de challenge. Ook TOP Oss (de tegenstander tijdens die wedstrijd) en de KNVB zijn aan boord. In korte tijd zijn er ook weer (nieuwe) bedrijven, organisaties, scholen aangesloten die actief meedoen. <\/p>\n\n\n\n<p>De gemeente Dordrecht heeft het initiatief genomen om 15 trainees te betrekken bij de challenge die zich allen 4 uur in de week daarvoor inzetten. 15 x 4 uur = 60 uur innovatiekracht&nbsp;<\/p>\n\n\n\n<p><\/p>\n\n\n\n<figure class=\"wp-block-embed is-type-video is-provider-youtube wp-block-embed-youtube wp-embed-aspect-16-9 wp-has-aspect-ratio\"><div class=\"wp-block-embed__wrapper\">\n<iframe loading=\"lazy\" title=\"Dreamteam\" width=\"500\" height=\"281\" src=\"https:\/\/www.youtube.com\/embed\/YnbMHGr6TS0?feature=oembed\" frameborder=\"0\" allow=\"accelerometer; autoplay; clipboard-write; encrypted-media; gyroscope; picture-in-picture; web-share\" referrerpolicy=\"strict-origin-when-cross-origin\" allowfullscreen><\/iframe>\n<\/div><\/figure>\n\n\n\n<h4 class=\"wp-block-heading\">Het maken van een CO2 foodprint. Voor de wedstrijd, de club, stad en de regio.<\/h4>\n\n\n\n<div class=\"wp-block-buttons is-content-justification-center is-layout-flex wp-container-core-buttons-is-layout-a89b3969 wp-block-buttons-is-layout-flex\">\n<div class=\"wp-block-button\"><a class=\"wp-block-button__link has-vivid-red-background-color has-background wp-element-button\" href=\"http:\/\/dewaardevolleclub.nl\/?page_id=3820\">Bekijk hier de CO2 voetafdruk<\/a><\/div>\n<\/div>\n\n\n\n<p><\/p>\n\n\n\n<h4 class=\"wp-block-heading\">Met energie samen oplossingen bedenken. Voor de club, de stad en de regio<\/h4>\n\n\n\n<p>Door de uitdaging om de eerste klimaatneutrale wedstrijd in Nederland te gaan spelen en er enthousiaste mensen uit verschillende disciplines zich verenigen, worden er allerlei oplossingen bedacht. Voor de club, de stad en de regio. <strong>Een aantal voor beelden:<\/strong><\/p>\n\n\n\n<h4 class=\"wp-block-heading has-vivid-red-color has-text-color\">Dieseltractor voor klusjes rond het stadion?<\/h4>\n\n\n\n<figure class=\"wp-block-gallery has-nested-images columns-default is-cropped wp-block-gallery-2 is-layout-flex wp-block-gallery-is-layout-flex\">\n<figure class=\"wp-block-image size-large\"><img loading=\"lazy\" decoding=\"async\" width=\"1024\" height=\"578\" data-id=\"3778\" src=\"https:\/\/dewaardevolleclub.nl\/wp-content\/uploads\/2023\/01\/Schermafbeelding-2023-01-07-om-11.48.41-1024x578.png\" alt=\"\" class=\"wp-image-3778\" srcset=\"https:\/\/dewaardevolleclub.nl\/wp-content\/uploads\/2023\/01\/Schermafbeelding-2023-01-07-om-11.48.41-1024x578.png 1024w, https:\/\/dewaardevolleclub.nl\/wp-content\/uploads\/2023\/01\/Schermafbeelding-2023-01-07-om-11.48.41-300x169.png 300w, https:\/\/dewaardevolleclub.nl\/wp-content\/uploads\/2023\/01\/Schermafbeelding-2023-01-07-om-11.48.41-768x434.png 768w, https:\/\/dewaardevolleclub.nl\/wp-content\/uploads\/2023\/01\/Schermafbeelding-2023-01-07-om-11.48.41-1536x867.png 1536w, https:\/\/dewaardevolleclub.nl\/wp-content\/uploads\/2023\/01\/Schermafbeelding-2023-01-07-om-11.48.41-2048x1157.png 2048w\" sizes=\"auto, (max-width: 1024px) 100vw, 1024px\" \/><figcaption class=\"wp-element-caption\"><strong>EEN DIESELTRACTOR?<\/strong><\/figcaption><\/figure>\n\n\n\n<figure class=\"wp-block-image size-large\"><img loading=\"lazy\" decoding=\"async\" width=\"1024\" height=\"575\" data-id=\"3779\" src=\"https:\/\/dewaardevolleclub.nl\/wp-content\/uploads\/2023\/01\/Schermafbeelding-2023-01-07-om-11.49.05-1024x575.png\" alt=\"\" class=\"wp-image-3779\" srcset=\"https:\/\/dewaardevolleclub.nl\/wp-content\/uploads\/2023\/01\/Schermafbeelding-2023-01-07-om-11.49.05-1024x575.png 1024w, https:\/\/dewaardevolleclub.nl\/wp-content\/uploads\/2023\/01\/Schermafbeelding-2023-01-07-om-11.49.05-300x168.png 300w, https:\/\/dewaardevolleclub.nl\/wp-content\/uploads\/2023\/01\/Schermafbeelding-2023-01-07-om-11.49.05-768x431.png 768w, https:\/\/dewaardevolleclub.nl\/wp-content\/uploads\/2023\/01\/Schermafbeelding-2023-01-07-om-11.49.05-1536x862.png 1536w, https:\/\/dewaardevolleclub.nl\/wp-content\/uploads\/2023\/01\/Schermafbeelding-2023-01-07-om-11.49.05-2048x1149.png 2048w\" sizes=\"auto, (max-width: 1024px) 100vw, 1024px\" \/><figcaption class=\"wp-element-caption\"><strong>WIJ HEBBEN EEN OPLOSSING MET E-MOBILITY<\/strong><\/figcaption><\/figure>\n\n\n\n<figure class=\"wp-block-image size-large\"><img loading=\"lazy\" decoding=\"async\" width=\"816\" height=\"470\" data-id=\"3789\" src=\"https:\/\/dewaardevolleclub.nl\/wp-content\/uploads\/2023\/01\/Schermafbeelding-2023-01-07-om-12.13.02.png\" alt=\"\" class=\"wp-image-3789\" srcset=\"https:\/\/dewaardevolleclub.nl\/wp-content\/uploads\/2023\/01\/Schermafbeelding-2023-01-07-om-12.13.02.png 816w, https:\/\/dewaardevolleclub.nl\/wp-content\/uploads\/2023\/01\/Schermafbeelding-2023-01-07-om-12.13.02-300x173.png 300w, https:\/\/dewaardevolleclub.nl\/wp-content\/uploads\/2023\/01\/Schermafbeelding-2023-01-07-om-12.13.02-768x442.png 768w\" sizes=\"auto, (max-width: 816px) 100vw, 816px\" \/><figcaption class=\"wp-element-caption\"><strong>WIJ WILLEN GRAAG EEN VIDEO MAKEN<\/strong><\/figcaption><\/figure>\n<\/figure>\n\n\n\n<figure class=\"wp-block-embed is-type-video is-provider-youtube wp-block-embed-youtube wp-embed-aspect-16-9 wp-has-aspect-ratio\"><div class=\"wp-block-embed__wrapper\">\n<iframe loading=\"lazy\" title=\"ENERGIEKDORDT DE REIS AFLEVERING1 MAATEMOBILITY 2\" width=\"500\" height=\"281\" src=\"https:\/\/www.youtube.com\/embed\/qHHF6gQnn9Y?feature=oembed\" frameborder=\"0\" allow=\"accelerometer; autoplay; clipboard-write; encrypted-media; gyroscope; picture-in-picture; web-share\" referrerpolicy=\"strict-origin-when-cross-origin\" allowfullscreen><\/iframe>\n<\/div><\/figure>\n\n\n\n<h4 class=\"wp-block-heading has-vivid-red-color has-text-color\">Hoe komt de scheidsrechter naar de wedstrijd? Met de trein? <\/h4>\n\n\n\n<h4 class=\"wp-block-heading has-vivid-red-color has-text-color\">En hoe komt de tegenstander? Zij rijden net een nieuwe spelersbus op diesel.<\/h4>\n\n\n\n<figure class=\"wp-block-gallery has-nested-images columns-default is-cropped wp-block-gallery-3 is-layout-flex wp-block-gallery-is-layout-flex\">\n<figure class=\"wp-block-image size-large\"><img loading=\"lazy\" decoding=\"async\" width=\"1024\" height=\"901\" data-id=\"3794\" src=\"https:\/\/dewaardevolleclub.nl\/wp-content\/uploads\/2023\/01\/Schermafbeelding-2023-01-07-om-12.32.40-1024x901.png\" alt=\"\" class=\"wp-image-3794\" srcset=\"https:\/\/dewaardevolleclub.nl\/wp-content\/uploads\/2023\/01\/Schermafbeelding-2023-01-07-om-12.32.40-1024x901.png 1024w, https:\/\/dewaardevolleclub.nl\/wp-content\/uploads\/2023\/01\/Schermafbeelding-2023-01-07-om-12.32.40-300x264.png 300w, https:\/\/dewaardevolleclub.nl\/wp-content\/uploads\/2023\/01\/Schermafbeelding-2023-01-07-om-12.32.40-768x676.png 768w, https:\/\/dewaardevolleclub.nl\/wp-content\/uploads\/2023\/01\/Schermafbeelding-2023-01-07-om-12.32.40.png 1296w\" sizes=\"auto, (max-width: 1024px) 100vw, 1024px\" \/><figcaption class=\"wp-element-caption\"><strong>MET DE TREIN?<\/strong><\/figcaption><\/figure>\n\n\n\n<figure class=\"wp-block-image size-full\"><img loading=\"lazy\" decoding=\"async\" width=\"808\" height=\"466\" data-id=\"3808\" src=\"https:\/\/dewaardevolleclub.nl\/wp-content\/uploads\/2023\/01\/Schermafbeelding-2023-01-07-om-12.25.25-2.png\" alt=\"\" class=\"wp-image-3808\" srcset=\"https:\/\/dewaardevolleclub.nl\/wp-content\/uploads\/2023\/01\/Schermafbeelding-2023-01-07-om-12.25.25-2.png 808w, https:\/\/dewaardevolleclub.nl\/wp-content\/uploads\/2023\/01\/Schermafbeelding-2023-01-07-om-12.25.25-2-300x173.png 300w, https:\/\/dewaardevolleclub.nl\/wp-content\/uploads\/2023\/01\/Schermafbeelding-2023-01-07-om-12.25.25-2-768x443.png 768w\" sizes=\"auto, (max-width: 808px) 100vw, 808px\" \/><figcaption class=\"wp-element-caption\">SPELERSBUS OP DIESEL?<\/figcaption><\/figure>\n<\/figure>\n\n\n\n<p><\/p>\n\n\n\n<figure class=\"wp-block-gallery has-nested-images columns-default is-cropped wp-block-gallery-4 is-layout-flex wp-block-gallery-is-layout-flex\">\n<figure class=\"wp-block-image size-large\"><img loading=\"lazy\" decoding=\"async\" width=\"1024\" height=\"824\" data-id=\"3809\" src=\"https:\/\/dewaardevolleclub.nl\/wp-content\/uploads\/2023\/01\/Schermafbeelding-2023-01-07-om-13.08.37-1-1024x824.png\" alt=\"\" class=\"wp-image-3809\" srcset=\"https:\/\/dewaardevolleclub.nl\/wp-content\/uploads\/2023\/01\/Schermafbeelding-2023-01-07-om-13.08.37-1-1024x824.png 1024w, https:\/\/dewaardevolleclub.nl\/wp-content\/uploads\/2023\/01\/Schermafbeelding-2023-01-07-om-13.08.37-1-300x241.png 300w, https:\/\/dewaardevolleclub.nl\/wp-content\/uploads\/2023\/01\/Schermafbeelding-2023-01-07-om-13.08.37-1-768x618.png 768w, https:\/\/dewaardevolleclub.nl\/wp-content\/uploads\/2023\/01\/Schermafbeelding-2023-01-07-om-13.08.37-1-1536x1235.png 1536w, https:\/\/dewaardevolleclub.nl\/wp-content\/uploads\/2023\/01\/Schermafbeelding-2023-01-07-om-13.08.37-1.png 1584w\" sizes=\"auto, (max-width: 1024px) 100vw, 1024px\" \/><figcaption class=\"wp-element-caption\"><strong>WIJ WILLEN HEN WEL OPHALEN!<\/strong><\/figcaption><\/figure>\n<\/figure>\n\n\n\n<p><\/p>\n\n\n\n<h4 class=\"wp-block-heading has-vivid-red-color has-text-color\">Een noodstroom aggregaat op diesel voor als het licht uitvalt? <\/h4>\n\n\n\n<figure class=\"wp-block-gallery has-nested-images columns-default is-cropped wp-block-gallery-5 is-layout-flex wp-block-gallery-is-layout-flex\">\n<figure class=\"wp-block-image size-large\"><img loading=\"lazy\" decoding=\"async\" width=\"814\" height=\"474\" data-id=\"3813\" src=\"https:\/\/dewaardevolleclub.nl\/wp-content\/uploads\/2023\/01\/Schermafbeelding-2023-01-07-om-13.31.05.png\" alt=\"\" class=\"wp-image-3813\" srcset=\"https:\/\/dewaardevolleclub.nl\/wp-content\/uploads\/2023\/01\/Schermafbeelding-2023-01-07-om-13.31.05.png 814w, https:\/\/dewaardevolleclub.nl\/wp-content\/uploads\/2023\/01\/Schermafbeelding-2023-01-07-om-13.31.05-300x175.png 300w, https:\/\/dewaardevolleclub.nl\/wp-content\/uploads\/2023\/01\/Schermafbeelding-2023-01-07-om-13.31.05-768x447.png 768w\" sizes=\"auto, (max-width: 814px) 100vw, 814px\" \/><figcaption class=\"wp-element-caption\"><strong>STROOMAGGREGRAAT OP DIESEL?<\/strong><\/figcaption><\/figure>\n\n\n\n<figure class=\"wp-block-image size-large\"><img loading=\"lazy\" decoding=\"async\" width=\"1024\" height=\"752\" data-id=\"3812\" src=\"https:\/\/dewaardevolleclub.nl\/wp-content\/uploads\/2023\/01\/Schermafbeelding-2023-01-07-om-13.31.16-1024x752.png\" alt=\"\" class=\"wp-image-3812\" srcset=\"https:\/\/dewaardevolleclub.nl\/wp-content\/uploads\/2023\/01\/Schermafbeelding-2023-01-07-om-13.31.16-1024x752.png 1024w, https:\/\/dewaardevolleclub.nl\/wp-content\/uploads\/2023\/01\/Schermafbeelding-2023-01-07-om-13.31.16-300x220.png 300w, https:\/\/dewaardevolleclub.nl\/wp-content\/uploads\/2023\/01\/Schermafbeelding-2023-01-07-om-13.31.16-768x564.png 768w, https:\/\/dewaardevolleclub.nl\/wp-content\/uploads\/2023\/01\/Schermafbeelding-2023-01-07-om-13.31.16.png 1266w\" sizes=\"auto, (max-width: 1024px) 100vw, 1024px\" \/><figcaption class=\"wp-element-caption\"><strong>WIJ HEBBEN EEN OPLOSSING MET ONZE WATERSTOFAGGREGRAAT <\/strong><\/figcaption><\/figure>\n<\/figure>\n\n\n\n<p><\/p>\n\n\n\n<h4 class=\"wp-block-heading has-vivid-red-color has-text-color\">Tribuneverwarming op gas?<\/h4>\n\n\n\n<figure class=\"wp-block-gallery has-nested-images columns-default is-cropped wp-block-gallery-6 is-layout-flex wp-block-gallery-is-layout-flex\">\n<figure class=\"wp-block-image size-large\"><img loading=\"lazy\" decoding=\"async\" width=\"816\" height=\"468\" data-id=\"3814\" src=\"https:\/\/dewaardevolleclub.nl\/wp-content\/uploads\/2023\/01\/Schermafbeelding-2023-01-07-om-13.29.56.png\" alt=\"\" class=\"wp-image-3814\" srcset=\"https:\/\/dewaardevolleclub.nl\/wp-content\/uploads\/2023\/01\/Schermafbeelding-2023-01-07-om-13.29.56.png 816w, https:\/\/dewaardevolleclub.nl\/wp-content\/uploads\/2023\/01\/Schermafbeelding-2023-01-07-om-13.29.56-300x172.png 300w, https:\/\/dewaardevolleclub.nl\/wp-content\/uploads\/2023\/01\/Schermafbeelding-2023-01-07-om-13.29.56-768x440.png 768w\" sizes=\"auto, (max-width: 816px) 100vw, 816px\" \/><figcaption class=\"wp-element-caption\"><strong>TRIBUNE VERWARMING OP GAS<\/strong><\/figcaption><\/figure>\n\n\n\n<figure class=\"wp-block-image size-large\"><img loading=\"lazy\" decoding=\"async\" width=\"812\" height=\"464\" data-id=\"3815\" src=\"https:\/\/dewaardevolleclub.nl\/wp-content\/uploads\/2023\/01\/Schermafbeelding-2023-01-07-om-13.30.09.png\" alt=\"\" class=\"wp-image-3815\" srcset=\"https:\/\/dewaardevolleclub.nl\/wp-content\/uploads\/2023\/01\/Schermafbeelding-2023-01-07-om-13.30.09.png 812w, https:\/\/dewaardevolleclub.nl\/wp-content\/uploads\/2023\/01\/Schermafbeelding-2023-01-07-om-13.30.09-300x171.png 300w, https:\/\/dewaardevolleclub.nl\/wp-content\/uploads\/2023\/01\/Schermafbeelding-2023-01-07-om-13.30.09-768x439.png 768w\" sizes=\"auto, (max-width: 812px) 100vw, 812px\" \/><figcaption class=\"wp-element-caption\"><strong>STUDENTEN GAAN MET EEN OPDRACHT AAN DE SLAG<\/strong><\/figcaption><\/figure>\n<\/figure>\n\n\n\n<p><\/p>\n\n\n\n<h4 class=\"wp-block-heading\">Breedgedragen actieagenda richting 19 mei 2023.<\/h4>\n\n\n\n<div class=\"wp-block-buttons is-content-justification-center is-layout-flex wp-container-core-buttons-is-layout-a89b3969 wp-block-buttons-is-layout-flex\">\n<div class=\"wp-block-button\"><a class=\"wp-block-button__link has-vivid-red-background-color has-background wp-element-button\" href=\"http:\/\/dewaardevolleclub.nl\/?page_id=3858\">Bekijk hier de actieagenda (Laatste update december 2022)<\/a><\/div>\n<\/div>\n\n\n\n<p><\/p>\n","protected":false},"excerpt":{"rendered":"<p>De eerste klimaatneutrale wedstrijd is ontstaan door een filmpje te delen binnen Energiek Dordt van een\u00a0circulair festival van DGTL tijdens een kwartaalbijeenkomst van Smart Delta Drechtsteden. De volgende dag nam [&hellip;]<\/p>\n","protected":false},"author":1,"featured_media":0,"parent":0,"menu_order":0,"comment_status":"closed","ping_status":"closed","template":"","meta":{"_uag_custom_page_level_css":"","site-sidebar-layout":"default","site-content-layout":"","ast-site-content-layout":"default","site-content-style":"default","site-sidebar-style":"default","ast-global-header-display":"","ast-banner-title-visibility":"","ast-main-header-display":"","ast-hfb-above-header-display":"","ast-hfb-below-header-display":"","ast-hfb-mobile-header-display":"","site-post-title":"","ast-breadcrumbs-content":"","ast-featured-img":"","footer-sml-layout":"","ast-disable-related-posts":"","theme-transparent-header-meta":"","adv-header-id-meta":"","stick-header-meta":"","header-above-stick-meta":"","header-main-stick-meta":"","header-below-stick-meta":"","astra-migrate-meta-layouts":"default","ast-page-background-enabled":"default","ast-page-background-meta":{"desktop":{"background-color":"","background-image":"","background-repeat":"repeat","background-position":"center center","background-size":"auto","background-attachment":"scroll","background-type":"","background-media":"","overlay-type":"","overlay-color":"","overlay-opacity":"","overlay-gradient":""},"tablet":{"background-color":"","background-image":"","background-repeat":"repeat","background-position":"center center","background-size":"auto","background-attachment":"scroll","background-type":"","background-media":"","overlay-type":"","overlay-color":"","overlay-opacity":"","overlay-gradient":""},"mobile":{"background-color":"","background-image":"","background-repeat":"repeat","background-position":"center center","background-size":"auto","background-attachment":"scroll","background-type":"","background-media":"","overlay-type":"","overlay-color":"","overlay-opacity":"","overlay-gradient":""}},"ast-content-background-meta":{"desktop":{"background-color":"var(--ast-global-color-5)","background-image":"","background-repeat":"repeat","background-position":"center center","background-size":"auto","background-attachment":"scroll","background-type":"","background-media":"","overlay-type":"","overlay-color":"","overlay-opacity":"","overlay-gradient":""},"tablet":{"background-color":"var(--ast-global-color-5)","background-image":"","background-repeat":"repeat","background-position":"center center","background-size":"auto","background-attachment":"scroll","background-type":"","background-media":"","overlay-type":"","overlay-color":"","overlay-opacity":"","overlay-gradient":""},"mobile":{"background-color":"var(--ast-global-color-5)","background-image":"","background-repeat":"repeat","background-position":"center center","background-size":"auto","background-attachment":"scroll","background-type":"","background-media":"","overlay-type":"","overlay-color":"","overlay-opacity":"","overlay-gradient":""}},"footnotes":""},"class_list":["post-3343","page","type-page","status-publish","hentry"],"uagb_featured_image_src":{"full":false,"thumbnail":false,"medium":false,"medium_large":false,"large":false,"1536x1536":false,"2048x2048":false},"uagb_author_info":{"display_name":"admin","author_link":"https:\/\/dewaardevolleclub.nl\/?author=1"},"uagb_comment_info":0,"uagb_excerpt":"De eerste klimaatneutrale wedstrijd is ontstaan door een filmpje te delen binnen Energiek Dordt van een\u00a0circulair festival van DGTL tijdens een kwartaalbijeenkomst van Smart Delta Drechtsteden. De volgende dag nam [&hellip;]","_links":{"self":[{"href":"https:\/\/dewaardevolleclub.nl\/index.php?rest_route=\/wp\/v2\/pages\/3343","targetHints":{"allow":["GET"]}}],"collection":[{"href":"https:\/\/dewaardevolleclub.nl\/index.php?rest_route=\/wp\/v2\/pages"}],"about":[{"href":"https:\/\/dewaardevolleclub.nl\/index.php?rest_route=\/wp\/v2\/types\/page"}],"author":[{"embeddable":true,"href":"https:\/\/dewaardevolleclub.nl\/index.php?rest_route=\/wp\/v2\/users\/1"}],"replies":[{"embeddable":true,"href":"https:\/\/dewaardevolleclub.nl\/index.php?rest_route=%2Fwp%2Fv2%2Fcomments&post=3343"}],"version-history":[{"count":38,"href":"https:\/\/dewaardevolleclub.nl\/index.php?rest_route=\/wp\/v2\/pages\/3343\/revisions"}],"predecessor-version":[{"id":3880,"href":"https:\/\/dewaardevolleclub.nl\/index.php?rest_route=\/wp\/v2\/pages\/3343\/revisions\/3880"}],"wp:attachment":[{"href":"https:\/\/dewaardevolleclub.nl\/index.php?rest_route=%2Fwp%2Fv2%2Fmedia&parent=3343"}],"curies":[{"name":"wp","href":"https:\/\/api.w.org\/{rel}","templated":true}]}}