{"id":3249,"date":"2022-12-26T09:12:12","date_gmt":"2022-12-26T08:12:12","guid":{"rendered":"https:\/\/dewaardevolleclub.nl\/?page_id=3249"},"modified":"2023-01-06T16:23:17","modified_gmt":"2023-01-06T15:23:17","slug":"online-platform-het-virtueel-stadion","status":"publish","type":"page","link":"https:\/\/dewaardevolleclub.nl\/?page_id=3249","title":{"rendered":"Online Platform. Het Virtueel Stadion."},"content":{"rendered":"\n<h4 class=\"wp-block-heading has-white-color has-vivid-cyan-blue-background-color has-text-color has-background\">FC Dordrecht bouwt met Economic Development Board (EDB) een stadion voor 300.000 mensen in Smart Delta Drechtsteden<\/h4>\n\n\n\n<h4 class=\"wp-block-heading alignfull has-vivid-cyan-blue-color has-white-background-color has-text-color has-background\">Eerste Virtueel Energie Stadion ter wereld om ook online, slim, samen nieuwe energie te cre\u00ebren. Het Virtueel Stadion als de UBER in het Betaald Voetbal? <\/h4>\n\n\n\n<p><\/p>\n\n\n\n<figure class=\"wp-block-image alignfull size-large\"><img loading=\"lazy\" decoding=\"async\" width=\"1024\" height=\"576\" src=\"https:\/\/dewaardevolleclub.nl\/wp-content\/uploads\/2022\/12\/Schermafbeelding-2022-12-26-om-09.26.53-1024x576.png\" alt=\"\" class=\"wp-image-3254\" srcset=\"https:\/\/dewaardevolleclub.nl\/wp-content\/uploads\/2022\/12\/Schermafbeelding-2022-12-26-om-09.26.53-1024x576.png 1024w, https:\/\/dewaardevolleclub.nl\/wp-content\/uploads\/2022\/12\/Schermafbeelding-2022-12-26-om-09.26.53-300x169.png 300w, https:\/\/dewaardevolleclub.nl\/wp-content\/uploads\/2022\/12\/Schermafbeelding-2022-12-26-om-09.26.53-768x432.png 768w, https:\/\/dewaardevolleclub.nl\/wp-content\/uploads\/2022\/12\/Schermafbeelding-2022-12-26-om-09.26.53-1536x863.png 1536w, https:\/\/dewaardevolleclub.nl\/wp-content\/uploads\/2022\/12\/Schermafbeelding-2022-12-26-om-09.26.53-2048x1151.png 2048w\" sizes=\"auto, (max-width: 1024px) 100vw, 1024px\" \/><\/figure>\n\n\n\n<figure class=\"wp-block-image alignfull size-large\"><img loading=\"lazy\" decoding=\"async\" width=\"1024\" height=\"576\" src=\"https:\/\/dewaardevolleclub.nl\/wp-content\/uploads\/2022\/12\/Schermafbeelding-2022-12-26-om-09.27.50-1024x576.png\" alt=\"\" class=\"wp-image-3255\" srcset=\"https:\/\/dewaardevolleclub.nl\/wp-content\/uploads\/2022\/12\/Schermafbeelding-2022-12-26-om-09.27.50-1024x576.png 1024w, https:\/\/dewaardevolleclub.nl\/wp-content\/uploads\/2022\/12\/Schermafbeelding-2022-12-26-om-09.27.50-300x169.png 300w, https:\/\/dewaardevolleclub.nl\/wp-content\/uploads\/2022\/12\/Schermafbeelding-2022-12-26-om-09.27.50-768x432.png 768w, https:\/\/dewaardevolleclub.nl\/wp-content\/uploads\/2022\/12\/Schermafbeelding-2022-12-26-om-09.27.50-1536x864.png 1536w, https:\/\/dewaardevolleclub.nl\/wp-content\/uploads\/2022\/12\/Schermafbeelding-2022-12-26-om-09.27.50-2048x1152.png 2048w\" sizes=\"auto, (max-width: 1024px) 100vw, 1024px\" \/><\/figure>\n\n\n\n<figure class=\"wp-block-image alignfull size-large\"><img loading=\"lazy\" decoding=\"async\" width=\"1024\" height=\"575\" src=\"https:\/\/dewaardevolleclub.nl\/wp-content\/uploads\/2022\/12\/Schermafbeelding-2022-12-26-om-09.29.00-1024x575.png\" alt=\"\" class=\"wp-image-3256\" srcset=\"https:\/\/dewaardevolleclub.nl\/wp-content\/uploads\/2022\/12\/Schermafbeelding-2022-12-26-om-09.29.00-1024x575.png 1024w, https:\/\/dewaardevolleclub.nl\/wp-content\/uploads\/2022\/12\/Schermafbeelding-2022-12-26-om-09.29.00-300x168.png 300w, https:\/\/dewaardevolleclub.nl\/wp-content\/uploads\/2022\/12\/Schermafbeelding-2022-12-26-om-09.29.00-768x431.png 768w, https:\/\/dewaardevolleclub.nl\/wp-content\/uploads\/2022\/12\/Schermafbeelding-2022-12-26-om-09.29.00-1536x863.png 1536w, https:\/\/dewaardevolleclub.nl\/wp-content\/uploads\/2022\/12\/Schermafbeelding-2022-12-26-om-09.29.00-2048x1150.png 2048w\" sizes=\"auto, (max-width: 1024px) 100vw, 1024px\" \/><\/figure>\n\n\n\n<figure class=\"wp-block-image alignfull size-large\"><img loading=\"lazy\" decoding=\"async\" width=\"1024\" height=\"576\" src=\"https:\/\/dewaardevolleclub.nl\/wp-content\/uploads\/2022\/12\/Schermafbeelding-2022-12-26-om-09.29.57-1024x576.png\" alt=\"\" class=\"wp-image-3257\" srcset=\"https:\/\/dewaardevolleclub.nl\/wp-content\/uploads\/2022\/12\/Schermafbeelding-2022-12-26-om-09.29.57-1024x576.png 1024w, https:\/\/dewaardevolleclub.nl\/wp-content\/uploads\/2022\/12\/Schermafbeelding-2022-12-26-om-09.29.57-300x169.png 300w, https:\/\/dewaardevolleclub.nl\/wp-content\/uploads\/2022\/12\/Schermafbeelding-2022-12-26-om-09.29.57-768x432.png 768w, https:\/\/dewaardevolleclub.nl\/wp-content\/uploads\/2022\/12\/Schermafbeelding-2022-12-26-om-09.29.57-1536x864.png 1536w, https:\/\/dewaardevolleclub.nl\/wp-content\/uploads\/2022\/12\/Schermafbeelding-2022-12-26-om-09.29.57-2048x1152.png 2048w\" sizes=\"auto, (max-width: 1024px) 100vw, 1024px\" \/><\/figure>\n\n\n\n<figure class=\"wp-block-image alignfull size-large\"><img loading=\"lazy\" decoding=\"async\" width=\"1024\" height=\"575\" src=\"https:\/\/dewaardevolleclub.nl\/wp-content\/uploads\/2022\/12\/Schermafbeelding-2022-12-26-om-09.30.56-1024x575.png\" alt=\"\" class=\"wp-image-3259\" srcset=\"https:\/\/dewaardevolleclub.nl\/wp-content\/uploads\/2022\/12\/Schermafbeelding-2022-12-26-om-09.30.56-1024x575.png 1024w, https:\/\/dewaardevolleclub.nl\/wp-content\/uploads\/2022\/12\/Schermafbeelding-2022-12-26-om-09.30.56-300x168.png 300w, https:\/\/dewaardevolleclub.nl\/wp-content\/uploads\/2022\/12\/Schermafbeelding-2022-12-26-om-09.30.56-768x431.png 768w, https:\/\/dewaardevolleclub.nl\/wp-content\/uploads\/2022\/12\/Schermafbeelding-2022-12-26-om-09.30.56-1536x863.png 1536w, https:\/\/dewaardevolleclub.nl\/wp-content\/uploads\/2022\/12\/Schermafbeelding-2022-12-26-om-09.30.56-2048x1150.png 2048w\" sizes=\"auto, (max-width: 1024px) 100vw, 1024px\" \/><\/figure>\n\n\n\n<figure class=\"wp-block-image alignfull size-large\"><img loading=\"lazy\" decoding=\"async\" width=\"1024\" height=\"574\" src=\"https:\/\/dewaardevolleclub.nl\/wp-content\/uploads\/2022\/12\/Schermafbeelding-2022-12-26-om-09.32.11-1024x574.png\" alt=\"\" class=\"wp-image-3260\" srcset=\"https:\/\/dewaardevolleclub.nl\/wp-content\/uploads\/2022\/12\/Schermafbeelding-2022-12-26-om-09.32.11-1024x574.png 1024w, https:\/\/dewaardevolleclub.nl\/wp-content\/uploads\/2022\/12\/Schermafbeelding-2022-12-26-om-09.32.11-300x168.png 300w, https:\/\/dewaardevolleclub.nl\/wp-content\/uploads\/2022\/12\/Schermafbeelding-2022-12-26-om-09.32.11-768x431.png 768w, https:\/\/dewaardevolleclub.nl\/wp-content\/uploads\/2022\/12\/Schermafbeelding-2022-12-26-om-09.32.11-1536x861.png 1536w, https:\/\/dewaardevolleclub.nl\/wp-content\/uploads\/2022\/12\/Schermafbeelding-2022-12-26-om-09.32.11-2048x1149.png 2048w\" sizes=\"auto, (max-width: 1024px) 100vw, 1024px\" \/><\/figure>\n\n\n\n<figure class=\"wp-block-image alignfull size-large\"><img loading=\"lazy\" decoding=\"async\" width=\"1024\" height=\"577\" src=\"https:\/\/dewaardevolleclub.nl\/wp-content\/uploads\/2022\/12\/Schermafbeelding-2022-12-26-om-09.33.23-1024x577.png\" alt=\"\" class=\"wp-image-3261\" srcset=\"https:\/\/dewaardevolleclub.nl\/wp-content\/uploads\/2022\/12\/Schermafbeelding-2022-12-26-om-09.33.23-1024x577.png 1024w, https:\/\/dewaardevolleclub.nl\/wp-content\/uploads\/2022\/12\/Schermafbeelding-2022-12-26-om-09.33.23-300x169.png 300w, https:\/\/dewaardevolleclub.nl\/wp-content\/uploads\/2022\/12\/Schermafbeelding-2022-12-26-om-09.33.23-768x433.png 768w, https:\/\/dewaardevolleclub.nl\/wp-content\/uploads\/2022\/12\/Schermafbeelding-2022-12-26-om-09.33.23-1536x866.png 1536w, https:\/\/dewaardevolleclub.nl\/wp-content\/uploads\/2022\/12\/Schermafbeelding-2022-12-26-om-09.33.23-2048x1154.png 2048w\" sizes=\"auto, (max-width: 1024px) 100vw, 1024px\" \/><\/figure>\n\n\n\n<figure class=\"wp-block-image alignfull size-large\"><img loading=\"lazy\" decoding=\"async\" width=\"1024\" height=\"573\" src=\"https:\/\/dewaardevolleclub.nl\/wp-content\/uploads\/2022\/12\/Schermafbeelding-2022-12-26-om-09.34.33-1024x573.png\" alt=\"\" class=\"wp-image-3262\" srcset=\"https:\/\/dewaardevolleclub.nl\/wp-content\/uploads\/2022\/12\/Schermafbeelding-2022-12-26-om-09.34.33-1024x573.png 1024w, https:\/\/dewaardevolleclub.nl\/wp-content\/uploads\/2022\/12\/Schermafbeelding-2022-12-26-om-09.34.33-300x168.png 300w, https:\/\/dewaardevolleclub.nl\/wp-content\/uploads\/2022\/12\/Schermafbeelding-2022-12-26-om-09.34.33-768x430.png 768w, https:\/\/dewaardevolleclub.nl\/wp-content\/uploads\/2022\/12\/Schermafbeelding-2022-12-26-om-09.34.33-1536x859.png 1536w, https:\/\/dewaardevolleclub.nl\/wp-content\/uploads\/2022\/12\/Schermafbeelding-2022-12-26-om-09.34.33-2048x1146.png 2048w\" sizes=\"auto, (max-width: 1024px) 100vw, 1024px\" \/><\/figure>\n\n\n\n<figure class=\"wp-block-image alignfull size-large\"><img loading=\"lazy\" decoding=\"async\" width=\"1024\" height=\"576\" src=\"https:\/\/dewaardevolleclub.nl\/wp-content\/uploads\/2022\/12\/Schermafbeelding-2022-12-26-om-09.36.04-1024x576.png\" alt=\"\" class=\"wp-image-3263\" srcset=\"https:\/\/dewaardevolleclub.nl\/wp-content\/uploads\/2022\/12\/Schermafbeelding-2022-12-26-om-09.36.04-1024x576.png 1024w, https:\/\/dewaardevolleclub.nl\/wp-content\/uploads\/2022\/12\/Schermafbeelding-2022-12-26-om-09.36.04-300x169.png 300w, https:\/\/dewaardevolleclub.nl\/wp-content\/uploads\/2022\/12\/Schermafbeelding-2022-12-26-om-09.36.04-768x432.png 768w, https:\/\/dewaardevolleclub.nl\/wp-content\/uploads\/2022\/12\/Schermafbeelding-2022-12-26-om-09.36.04-1536x865.png 1536w, https:\/\/dewaardevolleclub.nl\/wp-content\/uploads\/2022\/12\/Schermafbeelding-2022-12-26-om-09.36.04-2048x1153.png 2048w\" sizes=\"auto, (max-width: 1024px) 100vw, 1024px\" \/><\/figure>\n\n\n\n<p><\/p>\n\n\n\n<h4 class=\"wp-block-heading\"><strong>Het Virtueel Energie Stadion als missiegedreven online Innovatie Hub.<\/strong><\/h4>\n\n\n\n<p>FC Dordrecht lanceert in samenwerking met <a href=\"https:\/\/economicdevelopmentboard.nl\" type=\"URL\" id=\"https:\/\/economicdevelopmentboard.nl\" class=\"broken_link\">Economic Development Board<\/a> (EDB) het eerste Virtueel Energie Stadion ter wereld. Een missiegedreven online Innovatie Hub waar de expertise van betaald voetbal, bedrijven, onderwijs, overheid en maatschappelijke organisaties virtueel bij elkaar komt om nu ook online, slim samen nieuwe energie te cre\u00ebren in Dordrecht en Drechtsteden. <\/p>\n\n\n\n<p>In het Virtueel Energie Stadion kun je op elk moment en vanaf elke locatie andere mensen, bedrijven en organisaties ontmoeten rondom thema\u2019s zoals energie, vitaliteit, beleven, wonen, werken, innoveren en bereikbaarheid. Een creatieve broedplaats om samen nieuwe idee\u00ebn, initiatieven, diensten, producten en nieuwe verdienmodellen te cre\u00ebren. <\/p>\n\n\n\n<p>Om samen te leren en innoveren, vraag en aanbod te delen. Op elk moment van de dag, 24\/7, 365 dagen van de week en op elke plek, zoals jij dat zelf wilt. FC Dordrecht en EDB willen daarmee ook online de regio sociaal-economisch ontwikkelen met veel aandacht voor innovatie, regioprofilering en het bouwen van netwerken. Community managers fungeren als gastvrouw\/heer en zorgen voor gastvrijheid en actieve begeleiding in het stadion. Zij cre\u00ebren waardevolle combinaties.<\/p>\n\n\n\n<p><\/p>\n\n\n\n<h4 class=\"wp-block-heading\"><strong>De verbindende kracht van 8,2 miljoen liefhebbers<\/strong>.<\/h4>\n\n\n\n<p>FC Dordrecht is boardmember van de Economic Development Board en investeert sinds vorig jaar met haar visie en meerjarenplan Energiek Dordt in een duurzame toekomst van het Betaald Voetbal in Dordrecht en Drechtsteden. Door een Betaald Voetbal Club te zien als een sociaal, economisch waardenetwerk, met landelijk 8,2 miljoen liefhebbers en die met de verbindende kracht van het Betaald Voetbal een bijdrage kan leveren in Dordrecht en Drechtsteden. Op het veld en daarbuiten, 7 dagen in de week. <\/p>\n\n\n\n<p>Met deze visie wil FC Dordrecht toegevoegde waarde leveren voor Smart Delta Drechtsteden en een actieve bijdrage leveren als lid van en aan de Economic Development Board. We hebben in deze visie het stadion visueel om de Drechtsteden gezet. Een innovatief ecosysteem in Nederland van 300.000 mensen.<\/p>\n\n\n\n<p><\/p>\n\n\n\n<h4 class=\"wp-block-heading\"><strong>Samen nieuwe energie cre\u00ebren<\/strong>.<\/h4>\n\n\n\n<p>Inmiddels is Energiek Dordt een groeiend, missiegedreven samenwerking tussen betaald voetbal, bedrijven, onderwijs, overheid en maatschappelijke organisaties en daardoor een teamspeler in <a href=\"https:\/\/www.smartdeltadrechtsteden.nl\" data-type=\"URL\" data-id=\"https:\/\/www.smartdeltadrechtsteden.nl\">Smart Delta Drechtsteden<\/a>. <\/p>\n\n\n\n<p>Met \u2018Samen nieuwe energie cre\u00ebren\u2019 als collectieve ambitie cre\u00ebert FC Dordrecht met Energiek Dordt voorwaarden om door samenwerking nieuwe idee\u00ebn, initiatieven, diensten, producten en nieuwe verdienmodellen te ontwikkelen. Hierdoor wil FC Dordrecht waarde cre\u00ebren op sportief, maatschappelijk, economisch en cultureel vlak. <\/p>\n\n\n\n<p>Energiek Dordt moet leiden tot een gezonde, waardevolle(re) Betaald Voetbal Club in het seizoen 2025-2026, waardoor de sportieve prestaties structureel worden verbeterd \u00e9n dat het betaald voetbal daardoor ook een positieve bijdrage kan blijven leveren aan regionale thema\u2019s zoals energie, wonen, werken, beleven, innoveren en bereikbaarheid die Smart Delta Drechtsteden en de EDB centraal heeft staan.<\/p>\n\n\n\n<p><\/p>\n\n\n\n<h4 class=\"wp-block-heading\"><strong>Het Virtueel Energie Stadion. Technologie en dienstverlening om nog slimmer, samen nieuwe energie te cre\u00ebren<\/strong>.<\/h4>\n\n\n\n<p>Met Smart Delta Drechtsteden willen we slim samen vooruit. Dat doen we met elkaar: bedrijven, onderwijs, overheid en inmiddels ook het betaald voetbal. Ontstaan uit de zeven Zuid-Hollandse gemeenten aan het water die samen een unieke delta vormen. Samenwerken doen we al jaren; Alblasserdam, Dordrecht, Hardinxveld-Giessendam, Hendrik-Ido-Ambacht, Papendrecht, Sliedrecht en Zwijndrecht. Resultaatgericht, in wisselende verbanden, met respect voor elkaars identiteit, maar altijd langs de weg van een gezamenlijk punt en een plan. <\/p>\n\n\n\n<p>Koersvast en duurzaam vernieuwt de regio Drechtsteden zich, stap voor stap, recht op het doel af. Zo komt de regio in ruimtelijk en economisch opzicht slim samen vooruit voor de ongeveer 300.000 mensen die hier wonen. Dit willen we nu ook online met technologie en dienstverlening ondersteunen en versterken.<\/p>\n\n\n\n<p><\/p>\n\n\n\n<h4 class=\"wp-block-heading\"><strong>Primeur voor de eerste klimaatneutrale wedstrijd in het Nederlands Betaald Voetbal<\/strong><\/h4>\n\n\n\n<p>Het Virtueel Energie Stadion wordt in gebruik genomen voor de eerste klimaatneutrale wedstrijd in het Nederlands betaald voetbal op 19 mei 2023 in Dordrecht. Een multidisciplinair team van Energiek Dordt partners en EDB leden dat momenteel samenwerkt aan deze collectieve challenge, zal dit stadion allereerst gaan bespelen en verder ontwikkelen. Zij zijn al samen op zoek naar oplossingen, nieuwe idee\u00ebn, initiatieven, diensten, producten om een zero emissie wedstrijd te spelen en mensen te inspireren om klimaatdoelen samen versneld te realiseren. Voor de club, stad en de regio.  <\/p>\n\n\n\n<p>In&nbsp;<a href=\"https:\/\/youtu.be\/KVXAmQhxXcA\">deze video<\/a>&nbsp;is een mooi voorbeeld te zien van een gezamenlijke oplossing voor een vraagstuk over duurzame mobiliteit dat door de challenge is ontstaan. De thema\u2019s energie, mobiliteit, bewustwording, communicatie, voedsel en verspilling staan centraal. Met het Virtueel Energie Stadion kunnen we nu deze samenwerking en sociale innovatie ook online ondersteunen.&nbsp;<\/p>\n\n\n\n<p><\/p>\n\n\n\n<h4 class=\"wp-block-heading\"><strong>Deuren open, 24\/7, 365 dagen per jaar, voor 300.000 mensen.<\/strong><\/h4>\n\n\n\n<p>Op 19 mei 2023 tijdens de klimaatneutrale wedstrijd openen we vervolgens de deur van het Virtueel Energie Stadion voor 300.000 mensen, 24\/7 en 365 dagen per jaar. We gaan de technologie en dienstverlening dan breed inzetten voor vraagstukken in Smart Delta Drechtsteden op het gebied van energie, vitaliteit, wonen, werken, beleven, innoveren en bereikbaarheid. Samen willen we de regio sociaal-economisch ontwikkelen met veel aandacht voor innovatie, regioprofilering en het bouwen van netwerken.&nbsp;<\/p>\n\n\n\n<p> <\/p>\n\n\n\n<h4 class=\"wp-block-heading\"><strong>De ontwikkeling van businessmodel naar waardecreatiemodel<\/strong><\/h4>\n\n\n\n<p>FC Dordrecht heeft als Betaald Voetbal Club met Energiek Dordt het afgelopen jaar een nieuw businessmodel, waardecreatiemodel ontwikkeld. Gebaseerd op samenwerking, innovatie, duurzaamheid en vitaliteit. <\/p>\n\n\n\n<p>Dit vergroot de voorwaarden om samen nieuwe idee\u00ebn, initiatieven, diensten, producten en nieuwe verdienmodellen te cre\u00ebren. Het Virtueel Energie Stadion is daar ook een voorbeeld van. De komende periode wordt door FC Dordrecht met Energiek Dordt gebruikt om de mogelijkheden van het Virtueel Stadion met het nieuwe waardecreatiemodel verder te onderzoeken. Om de spelregels van het Virtuele Stadion voor de opening voor Smart Delta Drechtsteden op 19 mei 2023 te concretiseren.&nbsp;&nbsp;<\/p>\n","protected":false},"excerpt":{"rendered":"<p>FC Dordrecht bouwt met Economic Development Board (EDB) een stadion voor 300.000 mensen in Smart Delta Drechtsteden Eerste Virtueel Energie Stadion ter wereld om ook online, slim, samen nieuwe energie [&hellip;]<\/p>\n","protected":false},"author":1,"featured_media":0,"parent":0,"menu_order":0,"comment_status":"closed","ping_status":"closed","template":"","meta":{"_uag_custom_page_level_css":"","site-sidebar-layout":"default","site-content-layout":"","ast-site-content-layout":"default","site-content-style":"default","site-sidebar-style":"default","ast-global-header-display":"","ast-banner-title-visibility":"","ast-main-header-display":"","ast-hfb-above-header-display":"","ast-hfb-below-header-display":"","ast-hfb-mobile-header-display":"","site-post-title":"","ast-breadcrumbs-content":"","ast-featured-img":"","footer-sml-layout":"","ast-disable-related-posts":"","theme-transparent-header-meta":"","adv-header-id-meta":"","stick-header-meta":"","header-above-stick-meta":"","header-main-stick-meta":"","header-below-stick-meta":"","astra-migrate-meta-layouts":"default","ast-page-background-enabled":"default","ast-page-background-meta":{"desktop":{"background-color":"","background-image":"","background-repeat":"repeat","background-position":"center center","background-size":"auto","background-attachment":"scroll","background-type":"","background-media":"","overlay-type":"","overlay-color":"","overlay-opacity":"","overlay-gradient":""},"tablet":{"background-color":"","background-image":"","background-repeat":"repeat","background-position":"center center","background-size":"auto","background-attachment":"scroll","background-type":"","background-media":"","overlay-type":"","overlay-color":"","overlay-opacity":"","overlay-gradient":""},"mobile":{"background-color":"","background-image":"","background-repeat":"repeat","background-position":"center center","background-size":"auto","background-attachment":"scroll","background-type":"","background-media":"","overlay-type":"","overlay-color":"","overlay-opacity":"","overlay-gradient":""}},"ast-content-background-meta":{"desktop":{"background-color":"var(--ast-global-color-5)","background-image":"","background-repeat":"repeat","background-position":"center center","background-size":"auto","background-attachment":"scroll","background-type":"","background-media":"","overlay-type":"","overlay-color":"","overlay-opacity":"","overlay-gradient":""},"tablet":{"background-color":"var(--ast-global-color-5)","background-image":"","background-repeat":"repeat","background-position":"center center","background-size":"auto","background-attachment":"scroll","background-type":"","background-media":"","overlay-type":"","overlay-color":"","overlay-opacity":"","overlay-gradient":""},"mobile":{"background-color":"var(--ast-global-color-5)","background-image":"","background-repeat":"repeat","background-position":"center center","background-size":"auto","background-attachment":"scroll","background-type":"","background-media":"","overlay-type":"","overlay-color":"","overlay-opacity":"","overlay-gradient":""}},"footnotes":""},"class_list":["post-3249","page","type-page","status-publish","hentry"],"uagb_featured_image_src":{"full":false,"thumbnail":false,"medium":false,"medium_large":false,"large":false,"1536x1536":false,"2048x2048":false},"uagb_author_info":{"display_name":"admin","author_link":"https:\/\/dewaardevolleclub.nl\/?author=1"},"uagb_comment_info":0,"uagb_excerpt":"FC Dordrecht bouwt met Economic Development Board (EDB) een stadion voor 300.000 mensen in Smart Delta Drechtsteden Eerste Virtueel Energie Stadion ter wereld om ook online, slim, samen nieuwe energie [&hellip;]","_links":{"self":[{"href":"https:\/\/dewaardevolleclub.nl\/index.php?rest_route=\/wp\/v2\/pages\/3249","targetHints":{"allow":["GET"]}}],"collection":[{"href":"https:\/\/dewaardevolleclub.nl\/index.php?rest_route=\/wp\/v2\/pages"}],"about":[{"href":"https:\/\/dewaardevolleclub.nl\/index.php?rest_route=\/wp\/v2\/types\/page"}],"author":[{"embeddable":true,"href":"https:\/\/dewaardevolleclub.nl\/index.php?rest_route=\/wp\/v2\/users\/1"}],"replies":[{"embeddable":true,"href":"https:\/\/dewaardevolleclub.nl\/index.php?rest_route=%2Fwp%2Fv2%2Fcomments&post=3249"}],"version-history":[{"count":13,"href":"https:\/\/dewaardevolleclub.nl\/index.php?rest_route=\/wp\/v2\/pages\/3249\/revisions"}],"predecessor-version":[{"id":3760,"href":"https:\/\/dewaardevolleclub.nl\/index.php?rest_route=\/wp\/v2\/pages\/3249\/revisions\/3760"}],"wp:attachment":[{"href":"https:\/\/dewaardevolleclub.nl\/index.php?rest_route=%2Fwp%2Fv2%2Fmedia&parent=3249"}],"curies":[{"name":"wp","href":"https:\/\/api.w.org\/{rel}","templated":true}]}}